{"id":40,"date":"2024-02-06T12:08:56","date_gmt":"2024-02-06T11:08:56","guid":{"rendered":"https:\/\/hostavej.dk\/?page_id=40"},"modified":"2025-10-20T16:32:46","modified_gmt":"2025-10-20T15:32:46","slug":"foreningen","status":"publish","type":"page","link":"https:\/\/hostavej.dk\/?page_id=40","title":{"rendered":"Foreningen"},"content":{"rendered":"\n<p class=\"has-large-font-size\">Om foreningen<\/p>\n\n\n\n<p>Vi er etableret som grundejerforening i 2009.<\/p>\n\n\n\n<p>Vores CVR-nummer er 32035221.<\/p>\n\n\n\n<p class=\"has-large-font-size\">Vedt\u00e6gter<\/p>\n\n\n\n<div class=\"wp-block-file\"><a id=\"wp-block-file--media-0dcc6e02-15a4-425b-9e92-06939efa686a\" href=\"https:\/\/hostavej.dk\/wp-content\/uploads\/2025\/02\/Vedtaegter-2024.pdf\">Vedt\u00e6gter 2024<\/a><a href=\"https:\/\/hostavej.dk\/wp-content\/uploads\/2025\/02\/Vedtaegter-2024.pdf\" class=\"wp-block-file__button wp-element-button\" download aria-describedby=\"wp-block-file--media-0dcc6e02-15a4-425b-9e92-06939efa686a\">Download<\/a><\/div>\n\n\n\n<p class=\"has-large-font-size\">Lokalplan<\/p>\n\n\n\n<p class=\"has-small-font-size\">Vi er etableret under lokalplan 2.27.2, som alene omfatter vores omr\u00e5de.<\/p>\n\n\n\n<div class=\"wp-block-file\"><a id=\"wp-block-file--media-18cbeeec-73e1-4c8f-911b-eabfd5b3f806\" href=\"https:\/\/hostavej.dk\/wp-content\/uploads\/2024\/02\/Lokalplan-2.27.2.pdf\">Lokalplan 2.27.2<\/a><a href=\"https:\/\/hostavej.dk\/wp-content\/uploads\/2024\/02\/Lokalplan-2.27.2.pdf\" class=\"wp-block-file__button wp-element-button\" download aria-describedby=\"wp-block-file--media-18cbeeec-73e1-4c8f-911b-eabfd5b3f806\">Download<\/a><\/div>\n\n\n\n<p class=\"has-large-font-size\">Overordnet grundejerforening<\/p>\n\n\n\n<p class=\"has-small-font-size\">Vi er tilknyttet <a href=\"http:\/\/kragehavevest.dk\">Den O<\/a><a href=\"http:\/\/kragehavevest.dk\" target=\"_blank\" rel=\"noreferrer noopener\">verordnede Grundejerforening Kragehave Vest<\/a>, som st\u00e5r for vedligeholdelse af planteb\u00e6lter, st\u00f8jvold og det trekantede omr\u00e5de op mod Atea (matr.nr. 4 X).<\/p>\n\n\n\n<p><\/p>\n","protected":false},"excerpt":{"rendered":"<p>Om foreningen Vi er etableret som grundejerforening i 2009. Vores CVR-nummer er 32035221. Vedt\u00e6gter Lokalplan Vi er etableret under lokalplan 2.27.2, som alene omfatter vores omr\u00e5de. Overordnet grundejerforening Vi er tilknyttet Den Overordnede Grundejerforening Kragehave Vest, som st\u00e5r for vedligeholdelse af planteb\u00e6lter, st\u00f8jvold og det trekantede omr\u00e5de op mod Atea (matr.nr. 4 X).<\/p>\n","protected":false},"author":1,"featured_media":0,"parent":0,"menu_order":0,"comment_status":"closed","ping_status":"closed","template":"","meta":{"footnotes":""},"class_list":["post-40","page","type-page","status-publish","hentry"],"_links":{"self":[{"href":"https:\/\/hostavej.dk\/index.php?rest_route=\/wp\/v2\/pages\/40","targetHints":{"allow":["GET"]}}],"collection":[{"href":"https:\/\/hostavej.dk\/index.php?rest_route=\/wp\/v2\/pages"}],"about":[{"href":"https:\/\/hostavej.dk\/index.php?rest_route=\/wp\/v2\/types\/page"}],"author":[{"embeddable":true,"href":"https:\/\/hostavej.dk\/index.php?rest_route=\/wp\/v2\/users\/1"}],"replies":[{"embeddable":true,"href":"https:\/\/hostavej.dk\/index.php?rest_route=%2Fwp%2Fv2%2Fcomments&post=40"}],"version-history":[{"count":6,"href":"https:\/\/hostavej.dk\/index.php?rest_route=\/wp\/v2\/pages\/40\/revisions"}],"predecessor-version":[{"id":115,"href":"https:\/\/hostavej.dk\/index.php?rest_route=\/wp\/v2\/pages\/40\/revisions\/115"}],"wp:attachment":[{"href":"https:\/\/hostavej.dk\/index.php?rest_route=%2Fwp%2Fv2%2Fmedia&parent=40"}],"curies":[{"name":"wp","href":"https:\/\/api.w.org\/{rel}","templated":true}]}}